{"id":1587,"date":"2018-09-27T18:18:48","date_gmt":"2018-09-27T18:18:48","guid":{"rendered":"https:\/\/krespoliskola.com\/?page_id=1587"},"modified":"2021-02-08T05:33:06","modified_gmt":"2021-02-08T05:33:06","slug":"krievu-valodas-kursi","status":"publish","type":"page","link":"https:\/\/krespoliskola.com\/lv\/krievu-valodas-kursi\/","title":{"rendered":"Krievu valodas kursi"},"content":{"rendered":"<p>D\u0101rgie draugi!<\/p>\n<p>Kop\u0161 2016. gada vasaras, kad durvis v\u0113ra KRES Poliskola, mums bie\u017ei uzdod jaut\u0101jumu, kad m\u0113s uzs\u0101ksim krievu valodas apguves nodarb\u012bbas? S\u0101kotn\u0113ji mums nebija t\u0101du nodomu, \u0146emot v\u0113r\u0101 lielo, profesion\u0101lo izgl\u012bt\u012bbas iest\u0101\u017eu skaitu, kuru programmas jau paredz \u0161o kursu organiz\u0113\u0161anu.<\/p>\n<p>Ta\u010du laiks nest\u0101v uz vietas, un \u0161obr\u012bd m\u0113s saprotam \u0161o kursu nepiecie\u0161am\u012bbu.<\/p>\n<p>Tas tikai priec\u0113, jo interese par valodu t\u0101 ir ne tikai iesp\u0113ja br\u012bvi sazin\u0101ties, bet ar\u012b atsl\u0113ga uz krievu kult\u016bru, kura neskatoties uz m\u016bsdienu negat\u012bvo attieksmi pret Krievijas varu, ir unik\u0101la, p\u0101rsteidzo\u0161a un daudzveid\u012bga. Valoda ir ne tikai, k\u0101da noteikta teritorija, konkr\u0113ta negat\u012bva v\u0113stures pieredze vai notikums, t\u0101 st\u0101v p\u0101ri visam un ir peln\u012bjusi, lai to apg\u016bst. Valodas zin\u0101\u0161ana sniedz \u0161o iesp\u0113ju.<\/p>\n<p>Diem\u017e\u0113l pa\u0161reiz nevaram nodro\u0161in\u0101t bezmaksas nodarb\u012bbas, t\u0101d\u0113\u013c nodarb\u012bbas b\u016bs par maksu un summa b\u016bs atkar\u012bga no dal\u012bbnieku skaita grup\u0101. N\u0101c pats un \u0146em draugu l\u012bdzi. Cent\u012bsimies rast iesp\u0113ju, lai krievu valodas kursi b\u016btu pieejami p\u0113c iesp\u0113jas liel\u0101kam interesentu skaitam.<\/p>\n<p>Nodarb\u012bbas notiek grupas vai individu\u0101li, b\u0113rniem un pieaugu\u0161ajiem. R\u012bta, dienas vai vakara nodarb\u012bb\u0101s &#8211; R\u012bgas centr\u0101, Br\u012bv\u012bbas iel\u0101 46a. Sazin\u0101ties ar mums un pieteikties var pa talr. +371\u00a0294\u00a0134 83, vai pa e-pastu: <a href=\"mailto:info@krespoliskola.com\">info@krespoliskola.com<\/a>. B\u016bsim priec\u012bgi atbild\u0113t uz J\u016bsu jaut\u0101jumiem.<\/p>\n<p>Uz dr\u012bzu tik\u0161anos!<\/p>\n","protected":false},"excerpt":{"rendered":"<p>D\u0101rgie draugi!<br \/>\nKop\u0161 2016. gada vasaras, kad durvis v\u0113ra KRES Poliskola, mums bie\u017ei uzdod jaut\u0101jumu, kad m\u0113s uzs\u0101ksim krievu valodas apguves nodarb\u012bbas? S\u0101kotn\u0113ji mums nebija t\u0101du nodomu, \u0146emot v\u0113r\u0101 lielo, profesion\u0101lo izgl\u012bt\u012bbas iest\u0101\u017eu skaitu, kuru programmas jau paredz \u0161o kursu <\/p>\n","protected":false},"author":2,"featured_media":0,"parent":0,"menu_order":0,"comment_status":"closed","ping_status":"closed","template":"","meta":{"footnotes":""},"class_list":["post-1587","page","type-page","status-publish","hentry"],"post_mailing_queue_ids":[],"_links":{"self":[{"href":"https:\/\/krespoliskola.com\/lv\/wp-json\/wp\/v2\/pages\/1587","targetHints":{"allow":["GET"]}}],"collection":[{"href":"https:\/\/krespoliskola.com\/lv\/wp-json\/wp\/v2\/pages"}],"about":[{"href":"https:\/\/krespoliskola.com\/lv\/wp-json\/wp\/v2\/types\/page"}],"author":[{"embeddable":true,"href":"https:\/\/krespoliskola.com\/lv\/wp-json\/wp\/v2\/users\/2"}],"replies":[{"embeddable":true,"href":"https:\/\/krespoliskola.com\/lv\/wp-json\/wp\/v2\/comments?post=1587"}],"version-history":[{"count":3,"href":"https:\/\/krespoliskola.com\/lv\/wp-json\/wp\/v2\/pages\/1587\/revisions"}],"predecessor-version":[{"id":2000,"href":"https:\/\/krespoliskola.com\/lv\/wp-json\/wp\/v2\/pages\/1587\/revisions\/2000"}],"wp:attachment":[{"href":"https:\/\/krespoliskola.com\/lv\/wp-json\/wp\/v2\/media?parent=1587"}],"curies":[{"name":"wp","href":"https:\/\/api.w.org\/{rel}","templated":true}]}}