{"id":1452,"date":"2018-07-05T15:02:32","date_gmt":"2018-07-05T15:02:32","guid":{"rendered":"https:\/\/krespoliskola.com\/?page_id=1452"},"modified":"2021-06-22T16:30:41","modified_gmt":"2021-06-22T16:30:41","slug":"putina-rezima-meli","status":"publish","type":"page","link":"https:\/\/krespoliskola.com\/lv\/putina-rezima-meli\/","title":{"rendered":"Putina re\u017e\u012bma meli"},"content":{"rendered":"<h1><img loading=\"lazy\" decoding=\"async\" class=\"wp-image-1354 alignnone\" src=\"https:\/\/krespoliskola.com\/wp-content\/uploads\/2018\/05\/lies-of-putins-regime-logo.png\" alt=\"\u041b\u043e\u0436\u044c \u041f\u0443\u0442\u0438\u043d\u0441\u043a\u043e\u0433\u043e \u0420\u0435\u0436\u0438\u043c\u0430\" width=\"170\" height=\"138\" \/><\/h1>\n<h1>Putina re\u017e\u012bma meli<\/h1>\n<p>Videoprojekts krievu valoda. Anal\u012btiskie si\u017eeti, kuri atkl\u0101j noziedz\u012bgo Putina re\u017e\u012bma b\u016bt\u012bbu. Dibin\u0101t\u0101ji \u2013 Krievijas demokr\u0101tisk\u0101s opoz\u012bcijas l\u012bderis Boriss \u0145emcovs un \u017eurn\u0101lists Leon\u012bds Marti\u0146uks. Kop\u0161 2009. gada, projekta ietvaros, ir izveidoti 100 videosi\u017eeti, kurus noskat\u012bj\u0101s vair\u0101k, k\u0101 61 miljoni cilv\u0113ku. Kan\u0101lam ir 190 t\u016bkstotis abonentu.<\/p>\n<p>Projekta misija \u2013 Krievijas pilso\u0146u izgl\u012bto\u0161ana par sabiedriski \u2013 politisko situ\u0101ciju valst\u012b, inform\u0101cijas, kuru no vi\u0146iem sl\u0113pj feder\u0101lie sazi\u0146as l\u012bdzek\u013ci, snieg\u0161ana un skaidro\u0161ana.<\/p>\n<p>No 2018. gada projekts uzs\u0101ka sadarb\u012bbu ar KRES Poliskolu.<\/p>\n","protected":false},"excerpt":{"rendered":"<p>\nPutina re\u017e\u012bma meli<br \/>\nVideoprojekts krievu valoda. Anal\u012btiskie si\u017eeti, kuri atkl\u0101j noziedz\u012bgo Putina re\u017e\u012bma b\u016bt\u012bbu. Dibin\u0101t\u0101ji \u2013 Krievijas demokr\u0101tisk\u0101s opoz\u012bcijas l\u012bderis Boriss \u0145emcovs un \u017eurn\u0101lists Leon\u012bds Marti\u0146uks. Kop\u0161 2009. gada, projekta ietvaros, ir izveidoti 100 videosi\u017eeti, kurus noskat\u012bj\u0101s vair\u0101k, k\u0101 <\/p>\n","protected":false},"author":2,"featured_media":0,"parent":0,"menu_order":0,"comment_status":"closed","ping_status":"closed","template":"","meta":{"footnotes":""},"class_list":["post-1452","page","type-page","status-publish","hentry"],"post_mailing_queue_ids":[],"_links":{"self":[{"href":"https:\/\/krespoliskola.com\/lv\/wp-json\/wp\/v2\/pages\/1452","targetHints":{"allow":["GET"]}}],"collection":[{"href":"https:\/\/krespoliskola.com\/lv\/wp-json\/wp\/v2\/pages"}],"about":[{"href":"https:\/\/krespoliskola.com\/lv\/wp-json\/wp\/v2\/types\/page"}],"author":[{"embeddable":true,"href":"https:\/\/krespoliskola.com\/lv\/wp-json\/wp\/v2\/users\/2"}],"replies":[{"embeddable":true,"href":"https:\/\/krespoliskola.com\/lv\/wp-json\/wp\/v2\/comments?post=1452"}],"version-history":[{"count":13,"href":"https:\/\/krespoliskola.com\/lv\/wp-json\/wp\/v2\/pages\/1452\/revisions"}],"predecessor-version":[{"id":2128,"href":"https:\/\/krespoliskola.com\/lv\/wp-json\/wp\/v2\/pages\/1452\/revisions\/2128"}],"wp:attachment":[{"href":"https:\/\/krespoliskola.com\/lv\/wp-json\/wp\/v2\/media?parent=1452"}],"curies":[{"name":"wp","href":"https:\/\/api.w.org\/{rel}","templated":true}]}}