{"id":1211,"date":"2017-09-25T16:50:36","date_gmt":"2017-09-25T16:50:36","guid":{"rendered":"https:\/\/krespoliskola.com\/?page_id=1211"},"modified":"2017-09-25T16:59:04","modified_gmt":"2017-09-25T16:59:04","slug":"klut-par-sponsoru","status":"publish","type":"page","link":"https:\/\/krespoliskola.com\/lv\/klut-par-sponsoru\/","title":{"rendered":"K\u013c\u016bt par sponsoru"},"content":{"rendered":"<p>M\u0113s pateicamies par J\u016bsu interesi par m\u016bsu skolu. Jebkura veida pal\u012bdz\u012bba nekad nevar b\u016bt lieka. Ja gribat mums pal\u012bdz\u0113t, l\u016bdzu sazin\u0101ties ar mums:<\/p>\n<table style=\"width: 100%;\">\n<tbody>\n<tr>\n<td>E-pasts:<\/td>\n<td><a href=\"mailto:info@krespoliskola.com\">info@krespoliskola.com<\/a><\/td>\n<\/tr>\n<tr>\n<td>T\u0101lrunis:<\/td>\n<td><a href=\"tel:+13475548406\">+1 347 554 8406<\/a>, <a href=\"tel:+37167130283\">+371 67130283<\/a>, <a href=\"tel:+37129413483\">+371 29413483<\/a><\/td>\n<\/tr>\n<tr>\n<td>Adrese \u0145ujork\u0101:<\/td>\n<td>KRES Poliskola<br \/>\n2148 Ocean Avenue, Suite 602<br \/>\nBrooklyn, New York, 11229 USA<\/td>\n<\/tr>\n<tr>\n<td>Adrese R\u012bg\u0101:<\/td>\n<td>KRES Poliskola<br \/>\nBrivibas Iela, 46, Office 1A<br \/>\nRiga, LV-1011 Latvia<\/td>\n<\/tr>\n<\/tbody>\n<\/table>\n","protected":false},"excerpt":{"rendered":"<p>M\u0113s pateicamies par J\u016bsu interesi par m\u016bsu skolu. Jebkura veida pal\u012bdz\u012bba nekad nevar b\u016bt lieka. Ja gribat mums pal\u012bdz\u0113t, l\u016bdzu sazin\u0101ties ar mums:<\/p>\n<p>E-pasts:<br \/>\ninfo@krespoliskola.com<\/p>\n<p>\nT\u0101lrunis:<br \/>\n+1 347 554 8406, +371 67130283, +371 29413483<br \/>\n<br \n<\/p>\n","protected":false},"author":1,"featured_media":0,"parent":0,"menu_order":0,"comment_status":"closed","ping_status":"closed","template":"","meta":{"footnotes":""},"class_list":["post-1211","page","type-page","status-publish","hentry"],"post_mailing_queue_ids":[],"_links":{"self":[{"href":"https:\/\/krespoliskola.com\/lv\/wp-json\/wp\/v2\/pages\/1211","targetHints":{"allow":["GET"]}}],"collection":[{"href":"https:\/\/krespoliskola.com\/lv\/wp-json\/wp\/v2\/pages"}],"about":[{"href":"https:\/\/krespoliskola.com\/lv\/wp-json\/wp\/v2\/types\/page"}],"author":[{"embeddable":true,"href":"https:\/\/krespoliskola.com\/lv\/wp-json\/wp\/v2\/users\/1"}],"replies":[{"embeddable":true,"href":"https:\/\/krespoliskola.com\/lv\/wp-json\/wp\/v2\/comments?post=1211"}],"version-history":[{"count":2,"href":"https:\/\/krespoliskola.com\/lv\/wp-json\/wp\/v2\/pages\/1211\/revisions"}],"predecessor-version":[{"id":1233,"href":"https:\/\/krespoliskola.com\/lv\/wp-json\/wp\/v2\/pages\/1211\/revisions\/1233"}],"wp:attachment":[{"href":"https:\/\/krespoliskola.com\/lv\/wp-json\/wp\/v2\/media?parent=1211"}],"curies":[{"name":"wp","href":"https:\/\/api.w.org\/{rel}","templated":true}]}}