{"id":1209,"date":"2017-09-25T16:25:23","date_gmt":"2017-09-25T16:25:23","guid":{"rendered":"https:\/\/krespoliskola.com\/?page_id=1209"},"modified":"2018-06-22T15:37:44","modified_gmt":"2018-06-22T15:37:44","slug":"par-mums","status":"publish","type":"page","link":"https:\/\/krespoliskola.com\/lv\/","title":{"rendered":"Par mums"},"content":{"rendered":"<h1 style=\"text-align: left;\">KRES Poliskola \u2013 starptautiska nekomerci\u0101l\u0101, nevalstiska organiz\u0101cija, kuras misija ir veicin\u0101t pla\u0161u starptautisko dialogu starp pilso\u0146iem, instit\u016bcij\u0101m un valsti.<\/h1>\n<h2>M\u016bsu uzdevums pal\u012bdz\u0113t tiem, kuri br\u012bvi p\u0101rvalda krievu valodu, neatkar\u012bgi no dz\u012bves vietas, k\u013c\u016bt par pilnties\u012bgiem pilso\u0146iem un demokr\u0101tisk\u0101s sabiedr\u012bbas locek\u013ciem.<\/h2>\n<p style=\"text-align: left;\"><strong>KRES Poliskola<\/strong> izveidota 2016. gad\u0101 apvienojot Krievijas Ekonomisk\u0101s Br\u012bv\u012bbas komiteju (kuru 2009. gad\u0101 \u0145ujork\u0101 dibin\u0101ja advok\u0101ts P\u0101vels Ivlevs) un Latvij\u0101 dibin\u0101tu biedr\u012bbu \u201eAtkl\u0101tais klubs \u201eStarptautiskais dialogs\u201d\u201d.<\/p>\n<p style=\"text-align: left;\"><strong>KRES Poliskola<\/strong> veicina humanit\u0101ro zin\u012bbu pavairo\u0161anu, br\u012bvas demokr\u0101tisk\u0101s valsts veido\u0161anos biju\u0161aj\u0101s Padomju Savien\u012bbas valst\u012bs, k\u0101 ar\u012b imigrantu integr\u0101ciju no \u0161\u012bm valst\u012bm. M\u016bsu m\u0113r\u0137is \u2013 pal\u012bdz\u0113t liel\u0101kam cilv\u0113ku skaitam, kuri ir dzimu\u0161i aiz \u201e dzelzs priek\u0161kara\u201d, justies br\u012bviem un neatkar\u012bgiem civiliz\u0113tas valsts pilso\u0146iem. M\u0113s esam p\u0101rliecin\u0101ti, ka, saprotam\u0101 veid\u0101 apg\u016bstot v\u0113sturi, trad\u012bcijas un uzved\u012bbas normas, kuras past\u0101v rietumos, ir lab\u0101kais veids k\u0101 sasniegt \u0161o m\u0113r\u0137i.<\/p>\n<p style=\"text-align: left;\"><strong>KRES Poliskola<\/strong> veicina krieviski run\u0101jo\u0161o imigrantu un biju\u0161o PSRS valstu iedz\u012bvot\u0101ju adapt\u0101ciju atbild\u012bgai dz\u012bvei m\u016bsdien\u012bgaj\u0101 glob\u0101laj\u0101 sabiedr\u012bb\u0101, ar pilsonisk\u0101s, tiesisk\u0101s un v\u0113stures izgl\u012bt\u012bbas pal\u012bdz\u012bbu.<\/p>\n<p style=\"text-align: left;\"><strong>KRES Poliskola<\/strong> Poliskola organiz\u0113 izgl\u012btojo\u0161os pas\u0101kumus un diskusijas (lekcijas, semin\u0101ri un konferences) krievu valod\u0101, sniedz atbalstu, pal\u012bdz ar inform\u0101ciju, konsult\u0113 krieviski run\u0101jo\u0161os imigrantus par darba iek\u0101rto\u0161anas jaut\u0101jumiem ASVun Eiropas Savien\u012bbas valst\u012bs. KRES Poliskolas ofisi atrodas\u00a0<a class=\"map_pin\" href=\"https:\/\/goo.gl\/maps\/UEkSDjtQDBU2\" target=\"_blank\" rel=\"noopener\"><span class=\"map_pin_span\">R\u012bg\u0101<\/span><\/a> un\u00a0<a class=\"map_pin\" href=\"https:\/\/goo.gl\/maps\/GxjRwvJiWeH2\" target=\"_blank\" rel=\"noopener\"><span class=\"map_pin_span\">\u0145ujork\u0101<\/span><\/a>.<\/p>\n","protected":false},"excerpt":{"rendered":"<p>KRES Poliskola \u2013 starptautiska nekomerci\u0101l\u0101, nevalstiska organiz\u0101cija, kuras misija ir veicin\u0101t pla\u0161u starptautisko dialogu starp pilso\u0146iem, instit\u016bcij\u0101m un valsti.<br \/>\nM\u016bsu uzdevums pal\u012bdz\u0113t tiem, kuri br\u012bvi p\u0101rvalda krievu valodu, neatkar\u012bgi no dz\u012bves vietas, k\u013c\u016bt par pilnties\u012bgiem pilso\u0146iem un demokr\u0101tisk\u0101s sabiedr\u012bbas locek\u013ciem.<br \n<\/p>\n","protected":false},"author":1,"featured_media":0,"parent":0,"menu_order":0,"comment_status":"closed","ping_status":"closed","template":"","meta":{"footnotes":""},"class_list":["post-1209","page","type-page","status-publish","hentry"],"post_mailing_queue_ids":[],"_links":{"self":[{"href":"https:\/\/krespoliskola.com\/lv\/wp-json\/wp\/v2\/pages\/1209","targetHints":{"allow":["GET"]}}],"collection":[{"href":"https:\/\/krespoliskola.com\/lv\/wp-json\/wp\/v2\/pages"}],"about":[{"href":"https:\/\/krespoliskola.com\/lv\/wp-json\/wp\/v2\/types\/page"}],"author":[{"embeddable":true,"href":"https:\/\/krespoliskola.com\/lv\/wp-json\/wp\/v2\/users\/1"}],"replies":[{"embeddable":true,"href":"https:\/\/krespoliskola.com\/lv\/wp-json\/wp\/v2\/comments?post=1209"}],"version-history":[{"count":2,"href":"https:\/\/krespoliskola.com\/lv\/wp-json\/wp\/v2\/pages\/1209\/revisions"}],"predecessor-version":[{"id":1445,"href":"https:\/\/krespoliskola.com\/lv\/wp-json\/wp\/v2\/pages\/1209\/revisions\/1445"}],"wp:attachment":[{"href":"https:\/\/krespoliskola.com\/lv\/wp-json\/wp\/v2\/media?parent=1209"}],"curies":[{"name":"wp","href":"https:\/\/api.w.org\/{rel}","templated":true}]}}