{"id":1201,"date":"2017-09-20T13:51:35","date_gmt":"2017-09-20T13:51:35","guid":{"rendered":"https:\/\/krespoliskola.com\/?page_id=1201"},"modified":"2022-07-27T20:27:50","modified_gmt":"2022-07-27T20:27:50","slug":"musu-komanda","status":"publish","type":"page","link":"https:\/\/krespoliskola.com\/lv\/musu-komanda\/","title":{"rendered":"M\u016bsu komanda"},"content":{"rendered":"<div id=\"pl-1201\"  class=\"panel-layout\" ><div id=\"pg-1201-0\"  class=\"panel-grid panel-no-style\" ><div id=\"pgc-1201-0-0\"  class=\"panel-grid-cell\" ><div id=\"panel-1201-0-0-0\" class=\"so-panel widget widget_testimonials panel-first-child panel-last-child widgetopts-SO\" data-index=\"0\" ><div class=\"thim-widget-testimonials thim-widget-testimonials-base\"><div class=\"thim-testimonial-slider\" data-visible=\"5\" data-auto=\"0\" data-mousewheel=\"0\"><div class=\"item\"><div class=\"image\"><img loading=\"lazy\" decoding=\"async\" src=\"https:\/\/krespoliskola.com\/wp-content\/uploads\/2017\/02\/sadomskaya-180x180.jpg\" alt=\"sadomskaya\" title=\"sadomskaya\"  width=\"180\" height=\"180\"><\/div><div class=\"content\" data-slug=\"marina-sadomskaja\"><h3 class=\"title\">Marina SADOMSKAJA<\/h3><div class=\"regency\">Izgl\u012bt\u012bbas programmu vad\u012bt\u0101js<\/div><div class=\"description\"><\/div><\/div><\/div><div class=\"item\"><div class=\"image\"><img loading=\"lazy\" decoding=\"async\" src=\"https:\/\/krespoliskola.com\/wp-content\/uploads\/2017\/03\/kres-gregory-amnuel.png\" alt=\"kres-gregory-amnuel\" title=\"kres-gregory-amnuel\"  width=\"180\" height=\"180\"><\/div><div class=\"content\" data-slug=\"grigorijs-amnuels\"><h3 class=\"title\">Grigorijs AMNUELS<\/h3><div class=\"regency\">Valdes loceklis, Kult\u016bras un informat\u012bvo projektu direktors<\/div><div class=\"description\"><h2>\u201eJa neko nemain\u012bt, nekas nemain\u012bsies\u201d<\/h2>\n<p>Grigorijs Amnuels \u2013 re\u017eisors, producents, politi\u0137is. Vair\u0101k k\u0101 30 publicistisko filmu autors. Starptautisko kinofestiv\u0101lu laure\u0101ts. Str\u0101d\u0101ja Maskavas pils\u0113tas un Krievijas valsts dom\u0113. Viens no Starpfrakciju deput\u0101tu apvien\u012bbas \u201eEiropas klubs\u201d dibin\u0101t\u0101jiem. Atbild\u012bgais sekret\u0101rs deput\u0101tu grupai sadarb\u012bbai ar \u0100frikas un Beniluksa valstu parlamentiem. \u0122ener\u0101ldirektora vietnieks ASV un Krievijas kino iniciat\u012bvai ACK, direktors komp\u0101nij\u0101 \u00ab\u0415\u0432\u0440\u043e\u0410\u0421\u041a-EuroASK\u00bb, dibin\u0101t\u0101js un direktors biedr\u012bbai Atkl\u0101tais klubs \u201eStarptautiskais dialogs\u201d un izgl\u012bt\u012bbas projekta \u201e Soci\u0101l\u0101 mened\u017ementa un pilsonisko iniciat\u012bvu skola\u201d Latvij\u0101, Lietuv\u0101, Polij\u0101 \u2013 vad\u012bt\u0101js. Regul\u0101ri piedal\u0101s Krievijas, ASV, Latvijas, Polijas un V\u0101cijas, ka ar\u012b citu valstu TV un radio sarunu un diskusiju klubos par da\u017e\u0101diem politiskajiem un aktu\u0101lajiem jaut\u0101jumiem. Idejas autors un producents, pirm\u0101 Krievijas v\u0113stur\u0113, valsts pieminek\u013ca Arhib\u012bskapam J\u0101nim Pavilam II, kurs tika atkl\u0101ts 2011. gada 14. oktobr\u012b Maskav\u0101 \u0100rvalstu bibliot\u0113kas ziemas d\u0101rz\u0101. Apbalvots ar Triju Zvaig\u017e\u0146u ordeni, ar J\u0101\u0146a P\u0101vila II piemi\u0146as meda\u013cu un meda\u013cu Br\u012bv\u0101s Krievijas aizst\u0101vis.<\/p>\n<\/div><\/div><\/div><div class=\"item\"><div class=\"image\"><img loading=\"lazy\" decoding=\"async\" src=\"https:\/\/krespoliskola.com\/wp-content\/uploads\/2017\/03\/kres-igor-kuznetsov.png\" alt=\"kres-igor-kuznetsov\" title=\"kres-igor-kuznetsov\"  width=\"180\" height=\"180\"><\/div><div class=\"content\" data-slug=\"igors-kuznecovs\"><h3 class=\"title\">Igors KUZ\u0145ECOVS<\/h3><div class=\"regency\">\u0145ujorkas ofisa direktors<\/div><div class=\"description\"><h2>\u201eV\u0113stures nevajadz\u0113tu ties\u0101t, bet skaidrot. V\u0113sture nav tiesnesis, bet advok\u0101ts\u201d<\/h2>\n<p>Igors Kuz\u0146ecovs \u2013 Krievijas advok\u0101ts. 2004. gada pabeidzis Maskavas Ekonomikas un ties\u012bbu akad\u0113mijas Juridisko fakult\u0101ti. No 2007.-2014. gadam p\u0101rst\u0101v\u0113ja ties\u0101 \u042e\u041a\u041e\u0421 Naftas komp\u0101nijas vad\u012bt\u0101ju Mihailu Hodarkovski. Advok\u0101ta pieredze un prakse, \u013cauj piedal\u012bties k\u0101 aizst\u0101vim krimin\u0101los procesos un administrat\u012bvaj\u0101s tiesved\u012bb\u0101s. Profesion\u0101laj\u0101 jom\u0101s kompetenc\u0113 ietilpst ar\u012b fizisko personu civiltiesisko str\u012bdu risin\u0101\u0161an\u0101.<\/p>\n<\/div><\/div><\/div><div class=\"item\"><div class=\"image\"><img loading=\"lazy\" decoding=\"async\" src=\"https:\/\/krespoliskola.com\/wp-content\/uploads\/2017\/03\/kres-pavel-ivlev2.png\" alt=\"kres-pavel-ivlev2\" title=\"kres-pavel-ivlev2\"  width=\"180\" height=\"180\"><\/div><div class=\"content\" data-slug=\"pavels-ivlevs\"><h3 class=\"title\">P\u0101vels IVLEVS<\/h3><div class=\"regency\">Valdes priek\u0161s\u0113d\u0113t\u0101js, Izpilddirektors<\/div><div class=\"description\"><h2>\u201eV\u0113sture m\u0101ca pat tos, kas nem\u0101c\u0101s. Vi\u0146a vi\u0146us p\u0101rm\u0101ca par nev\u012b\u017e\u012bbu un nolaid\u012bbu.\u201d<\/h2>\n<p><em>Vas\u012blijs K\u013cu\u010devskis, krievu v\u0113sturnieks<\/em><\/p>\n<p>P\u0101vels Ivlevs, advok\u0101ts no Krievijas, politiskais imigrants. 1993. gad\u0101 pabeidzis Maskavas Valsts Universit\u0101ti, juridisko fakult\u0101ti, k\u0101 ar\u012b apguvis ties\u012bbu zin\u0101tnes Kolumbijas Universit\u0101t\u0113 (\u0145ujork\u0101), un Karalienes Meri Koled\u017e\u0101 (London\u0101). No 1994. gada bija naftas komp\u0101nijas \u042e\u041a\u041e\u0421 un t\u0101s vad\u012bt\u0101ja Mihaila Hodorkovska konsultants juridiskajos jaut\u0101jumos. No 1997. gada &#8211; partneris advok\u0101tu biroj\u0101 \u0410\u041b\u041c \u0424\u0435\u043b\u044c\u0434\u043c\u0430\u043d\u0441, kuru saist\u012bb\u0101 ar \u042e\u041a\u041e\u0421 lietu iznicin\u0101ja Krievijas ties\u012bbsarg\u0101jo\u0161o iest\u0101\u017eu darbinieki. 2004. gad\u0101 netaisnas vaj\u0101\u0161anas d\u0113\u013c bija spiests atst\u0101t Krieviju un p\u0101rcelties uz \u0145ujorku, kur 2009. gad\u0101 nodibin\u0101ja un k\u013cuva par vad\u012bt\u0101ju Krievijas ekonomisk\u0101s br\u012bv\u012bbas komitej\u0101, kuras m\u0113r\u0137is ir atbalst\u012bt br\u012bvo tirgu un pilsonisko br\u012bv\u012bbu Krievij\u0101.<\/p>\n<\/div><\/div><\/div><div class=\"item\"><div class=\"image\"><img loading=\"lazy\" decoding=\"async\" src=\"https:\/\/krespoliskola.com\/wp-content\/uploads\/2017\/03\/kres-iolanta-runtze.png\" alt=\"kres-iolanta-runtze\" title=\"kres-iolanta-runtze\"  width=\"180\" height=\"180\"><\/div><div class=\"content\" data-slug=\"jolanta-runce\"><h3 class=\"title\">Jolanta RUNCE<\/h3><div class=\"regency\">Valdes locekle, R\u012bgas ofisa direktore<\/div><div class=\"description\"><h2>\u201eV\u0113sture pats lab\u0101kais skolot\u0101js, kuram ir slikti skolnieki\u201d<\/h2>\n<p>Jolanta Runce \u2013 Latvijas diplom\u0101ts, pedagogs. M\u0101c\u012bj\u0101s Sankt &#8211; P\u0113terburgas Kult\u016bras instit\u016bt\u0101 un Latvijas Kult\u016bras akad\u0113mij\u0101. Str\u0101d\u0101ja R\u012bgas Domes Kult\u016bras p\u0101rvald\u0113. No 2001. &#8211; 2010. gadam Latvijas \u0100rlietu ministrij\u0101, LR v\u0113stniec\u012bb\u0101 Francija un Krievij\u0101 bija par kult\u016bras, izgl\u012bt\u012bbas un zin\u0101tnes ata\u0161eju. Organiz\u0113ja kult\u016bras festiv\u0101lus \u201e P\u0101rsteidzo\u0161\u0101 Latvija\u201d (Francij\u0101) un Latvijas diasporas Krievij\u0101 Dziesmu un deju sv\u0113tkus (Ba\u0161k\u012brij\u0101).<\/p>\n<\/div><\/div><\/div><\/div>\n\n<\/div><\/div><\/div><\/div><\/div>","protected":false},"excerpt":{"rendered":"<p>Marina SADOMSKAJAIzgl\u012bt\u012bbas programmu vad\u012bt\u0101jsGrigorijs AMNUELSValdes loceklis, Kult\u016bras un informat\u012bvo projektu direktors\u201eJa neko nemain\u012bt, nekas nemain\u012bsies\u201d<br \/>\nGrigorijs Amnuels \u2013 re\u017eisors, producents, politi\u0137is. Vair\u0101k k\u0101 30 publicistisko filmu autors. Starptautisko kinofestiv\u0101lu laure\u0101ts. Str\u0101d\u0101ja Maskavas pils\u0113tas un Krievijas valsts dom\u0113. Viens no Starpfrakciju <\/p>\n","protected":false},"author":1,"featured_media":0,"parent":0,"menu_order":0,"comment_status":"closed","ping_status":"closed","template":"","meta":{"footnotes":""},"class_list":["post-1201","page","type-page","status-publish","hentry"],"post_mailing_queue_ids":[],"_links":{"self":[{"href":"https:\/\/krespoliskola.com\/lv\/wp-json\/wp\/v2\/pages\/1201","targetHints":{"allow":["GET"]}}],"collection":[{"href":"https:\/\/krespoliskola.com\/lv\/wp-json\/wp\/v2\/pages"}],"about":[{"href":"https:\/\/krespoliskola.com\/lv\/wp-json\/wp\/v2\/types\/page"}],"author":[{"embeddable":true,"href":"https:\/\/krespoliskola.com\/lv\/wp-json\/wp\/v2\/users\/1"}],"replies":[{"embeddable":true,"href":"https:\/\/krespoliskola.com\/lv\/wp-json\/wp\/v2\/comments?post=1201"}],"version-history":[{"count":10,"href":"https:\/\/krespoliskola.com\/lv\/wp-json\/wp\/v2\/pages\/1201\/revisions"}],"predecessor-version":[{"id":2185,"href":"https:\/\/krespoliskola.com\/lv\/wp-json\/wp\/v2\/pages\/1201\/revisions\/2185"}],"wp:attachment":[{"href":"https:\/\/krespoliskola.com\/lv\/wp-json\/wp\/v2\/media?parent=1201"}],"curies":[{"name":"wp","href":"https:\/\/api.w.org\/{rel}","templated":true}]}}