{"id":1198,"date":"2017-09-20T13:34:58","date_gmt":"2017-09-20T13:34:58","guid":{"rendered":"https:\/\/krespoliskola.com\/?page_id=1198"},"modified":"2017-09-20T13:46:59","modified_gmt":"2017-09-20T13:46:59","slug":"vasaras-skola","status":"publish","type":"page","link":"https:\/\/krespoliskola.com\/lv\/vasaras-skola\/","title":{"rendered":"Vasaras skola"},"content":{"rendered":"<h1>Vasaras skola \u201eNo Baltijas l\u012bdz Klusajam oke\u0101nam: Zieme\u013ceir\u0101zijas kop\u0113j\u0101 v\u0113sture\u201d.<\/h1>\n<h2 style=\"text-align: left;\">KRES POLISKOLA un \u017eurn\u0101ls Ab\u00a0Imperio aicina 2017. gad\u0101 vasar\u0101, divas ned\u0113\u013cas pavad\u012bt Latvijas galvaspils\u0113t\u0101 \u2013 R\u012bg\u0101, m\u0101coties un apsprie\u017eot Zieme\u013ceir\u0101zijas v\u0113sturi. Vasaras skolas m\u0113r\u0137is \u2013 atrast kop\u012bgu m\u016bsdien\u012bgu valodu, ar kuras pal\u012bdz\u012bbu var\u0113s korekti aprakst\u012bt milz\u012bgas teritorijas no Baltijas l\u012bdz Klusajam oke\u0101nam daudzu gadsimtu v\u0113sturi.<\/h2>\n<p style=\"text-align: left;\"><strong>To, k\u0101 cilv\u0113ki iedom\u0101jas<\/strong> soci\u0101l\u0101s grupas pag\u0101tn\u0113 ir tie\u0161\u0101 veid\u0101 ietekme uz izpratni par m\u016bsdienu sabiedr\u012bbu. Soci\u0101lo dom\u0101\u0161anu s\u0101kotn\u0113ji veido uz v\u0113sturiskas b\u0101zes pamata, un tikai p\u0113c tam \u0161\u012bs ieg\u016bt\u0101s zin\u0101\u0161anas tiek projic\u0113tas uz m\u016bsdienas re\u0101lit\u0101t\u0113m. Tie\u0161i t\u0101d\u0113\u013c, m\u016bsdienu globaliz\u0101cijas apst\u0101k\u013cos, lielu noz\u012bmi ieg\u016bst re\u0123ions, kuru nosac\u012bti var nosaukt par \u201eZieme\u013ceir\u0101zijas\u201d v\u0113sture. \u0145emot v\u0113ra to ka nav t\u0101du \u201e\u012bstu\u201d \u0123eogr\u0101fisku vai kult\u016bras robe\u017eu \u2013 \u0161o plat\u012bbu var uzskat\u012bt k\u0101 veselumu tikai vien\u0101 veid\u0101: k\u0101 intens\u012bvas starp kult\u016bras mijiedarb\u012bbu. Pa\u0161p\u0101rvalde un sadarb\u012bba starp da\u017e\u0101d\u0101m kult\u016br\u0101m, kuras \u0161eit mit\u0113ja, karoja, sac\u0113l\u0101s pret past\u0101vo\u0161o varu, nodarboj\u0101s ar tirdzniec\u012bbu, bet vienm\u0113r atrada kopsauc\u0113ju. T\u0101p\u0113c m\u0113r\u0137is \u0161im pied\u0101v\u0101t\u0101jam v\u0113sturiskajam kursam ir \u2013 valodas dom\u0101\u0161anas anal\u012bze, ka pag\u0101tn\u0113, t\u0101 ar\u012b m\u016bsdien\u0101s, k\u0101 m\u0113s to dar\u0101m.<\/p>\n<p style=\"text-align: left;\"><strong>Vasaras skolas programmu<\/strong> izstr\u0101d\u0101ja \u017eurn\u0101la AbImperio redaktoru komanda, pamatojoties uz v\u0113sturisko kursu \u201d Zieme\u013ceir\u0101zijas jaun\u0101 imp\u0113risk\u0101 v\u0113sture no VII l\u012bdz XX gadsimta s\u0101kumam\u201d v\u0113sturisk\u0101s b\u0101zes. \u0160\u012b darba pamat\u0101 \u2013 vismodern\u0101kie re\u0123iona v\u0113stures p\u0113t\u012bjumi, kurus veica gandr\u012bz \u010detrdesmit nacion\u0101lo akad\u0113misko trad\u012bciju p\u0101rst\u0101vji, un kuri tika public\u0113ti \u017eurn\u0101l\u0101 no 2000. gada. Centr\u0101lo uzman\u012bbu piev\u0113r\u0161ot daudzdimensiju cilv\u0113cisk\u0101s daudzveid\u012bbas sak\u0101rto\u0161anas probl\u0113mai, v\u0113sturiskais kurss p\u0101rvar divu gadsimtu re\u0123iona v\u0113stures rakst\u012b\u0161anas trad\u012bciju caur valsts un n\u0101cijas prizmu (vai k\u0101 nacion\u0101l\u0101 valsts un vi\u0146u sint\u0113zi).<\/p>\n<p style=\"text-align: left;\">Skola atv\u0113rta visiem studentu vecuma interesentiem, kuri viegli orient\u0113j\u0101s krievu valod\u0101. Nodarb\u012bbas notiks R\u012bg\u0101 no \u0161.g 17. l\u012bdz 29. j\u016blijam.<\/p>\n<p style=\"text-align: left;\">\u0160is kurss nav par to, k\u0101 bija paties\u012bb\u0101. Tas ir dom\u0101ts tiem, kuri v\u0113las uzzin\u0101t, k\u0101 \u0161odien pr\u0101tot par pag\u0101tni.<\/p>\n","protected":false},"excerpt":{"rendered":"<p>Vasaras skola \u201eNo Baltijas l\u012bdz Klusajam oke\u0101nam: Zieme\u013ceir\u0101zijas kop\u0113j\u0101 v\u0113sture\u201d.<br \/>\nKRES POLISKOLA un \u017eurn\u0101ls Ab\u00a0Imperio aicina 2017. gad\u0101 vasar\u0101, divas ned\u0113\u013cas pavad\u012bt Latvijas galvaspils\u0113t\u0101 \u2013 R\u012bg\u0101, m\u0101coties un apsprie\u017eot Zieme\u013ceir\u0101zijas v\u0113sturi. Vasaras skolas m\u0113r\u0137is \u2013 atrast kop\u012bgu m\u016bsdien\u012bgu valodu, ar <\/p>\n","protected":false},"author":1,"featured_media":0,"parent":0,"menu_order":0,"comment_status":"closed","ping_status":"closed","template":"","meta":{"footnotes":""},"class_list":["post-1198","page","type-page","status-publish","hentry"],"post_mailing_queue_ids":[],"_links":{"self":[{"href":"https:\/\/krespoliskola.com\/lv\/wp-json\/wp\/v2\/pages\/1198","targetHints":{"allow":["GET"]}}],"collection":[{"href":"https:\/\/krespoliskola.com\/lv\/wp-json\/wp\/v2\/pages"}],"about":[{"href":"https:\/\/krespoliskola.com\/lv\/wp-json\/wp\/v2\/types\/page"}],"author":[{"embeddable":true,"href":"https:\/\/krespoliskola.com\/lv\/wp-json\/wp\/v2\/users\/1"}],"replies":[{"embeddable":true,"href":"https:\/\/krespoliskola.com\/lv\/wp-json\/wp\/v2\/comments?post=1198"}],"version-history":[{"count":2,"href":"https:\/\/krespoliskola.com\/lv\/wp-json\/wp\/v2\/pages\/1198\/revisions"}],"predecessor-version":[{"id":1200,"href":"https:\/\/krespoliskola.com\/lv\/wp-json\/wp\/v2\/pages\/1198\/revisions\/1200"}],"wp:attachment":[{"href":"https:\/\/krespoliskola.com\/lv\/wp-json\/wp\/v2\/media?parent=1198"}],"curies":[{"name":"wp","href":"https:\/\/api.w.org\/{rel}","templated":true}]}}